{"id":1068,"date":"2023-04-05T09:36:05","date_gmt":"2023-04-05T13:36:05","guid":{"rendered":"https:\/\/network.savoureaston.ca\/news-views-latest-fr\/"},"modified":"2023-04-05T10:36:03","modified_gmt":"2023-04-05T14:36:03","slug":"news-views-latest-fr","status":"publish","type":"page","link":"https:\/\/network.savoureaston.ca\/fr\/news-views-latest-fr\/","title":{"rendered":"News Views Latest FR"},"content":{"rendered":"<div class=\"wpv-view-output\" data-toolset-views-view-editor=\"738a09037800036b8560d00f2163648f\"><div class=\"wp-block-toolset-views-view-editor\">\n<div class=\"wp-block-toolset-blocks-container tb-container\" data-toolset-blocks-container=\"0701d547c3d143e2d3f19240a7629848\"><div id=\"wpv-view-layout-1038\" class=\"js-wpv-view-layout js-wpv-layout-responsive js-wpv-view-layout-1038\" data-viewnumber=\"1038\" data-pagination=\"{&quot;id&quot;:1038,&quot;query&quot;:&quot;normal&quot;,&quot;type&quot;:&quot;disabled&quot;,&quot;effect&quot;:&quot;fade&quot;,&quot;duration&quot;:500,&quot;speed&quot;:5,&quot;pause_on_hover&quot;:&quot;enabled&quot;,&quot;stop_rollover&quot;:&quot;false&quot;,&quot;cache_pages&quot;:&quot;enabled&quot;,&quot;preload_images&quot;:&quot;enabled&quot;,&quot;preload_pages&quot;:&quot;enabled&quot;,&quot;preload_reach&quot;:1,&quot;spinner&quot;:&quot;builtin&quot;,&quot;spinner_image&quot;:&quot;https:\/\/network.savoureaston.ca\/wp-content\/plugins\/toolset-blocks\/embedded\/res\/img\/ajax-loader.gif&quot;,&quot;callback_next&quot;:&quot;&quot;,&quot;manage_history&quot;:&quot;enabled&quot;,&quot;has_controls_in_form&quot;:&quot;disabled&quot;,&quot;infinite_tolerance&quot;:&quot;0&quot;,&quot;max_pages&quot;:1,&quot;page&quot;:1,&quot;base_permalink&quot;:&quot;\/fr\/wp-json\/wp\/v2\/pages\/1068?wpv_view_count=1038&amp;wpv_paged=WPV_PAGE_NUM&quot;,&quot;loop&quot;:{&quot;type&quot;:&quot;&quot;,&quot;name&quot;:&quot;&quot;,&quot;data&quot;:[],&quot;id&quot;:0}}\" data-permalink=\"\/fr\/wp-json\/wp\/v2\/pages\/1068?wpv_view_count=1038\">\n\n<div class=\"js-wpv-loop-wrapper\"><div class=\"tb-grid\"><div class=\"tb-grid-column\">\n\n<div class=\"wp-block-toolset-views-view-template-block wpv-block-loop-item php-to-be-replaced-with-shortcode\" data-toolset-views-view-template-block=\"6a0b0f4260adb9e3839a71ea2ab11a7c\">\n<div class=\"wp-block-toolset-blocks-container tb-container\" data-toolset-blocks-container=\"0b8194ec6c1761c94c9e6b73490c05b1\">\n<h2 class=\"tb-heading\" data-toolset-blocks-heading=\"16387b410bb2e26b0b6e444744c4c735\" data-last-update=\"1.4\">Ronde 1 &#8211; Centre d&rsquo;apprentissage du RAEO<\/h2>\n\n\n\n<div class=\"tb-field\" data-toolset-blocks-field=\"be5fb52917c8167e558274de11014fff\" data-last-update=\"1.4\"><table role=\"presentation\" width=\"100%\" cellspacing=\"0\" cellpadding=\"0\">\n<tbody>\n<tr>\n<td class=\"hs_padded\">\n<div id=\"hs_cos_wrapper_module_17707482175013\" class=\"hs_cos_wrapper hs_cos_wrapper_widget hs_cos_wrapper_type_module\" data-hs-cos-general-type=\"widget\" data-hs-cos-type=\"module\">\n<div id=\"hs_cos_wrapper_module_17707482175013_\" class=\"hs_cos_wrapper hs_cos_wrapper_widget hs_cos_wrapper_type_rich_text\" data-hs-cos-general-type=\"widget\" data-hs-cos-type=\"rich_text\">\n<p data-start=\"829\" data-end=\"1105\">Il fait froid dehors, mais c\u2019est le moment id\u00e9al pour r\u00e9chauffer vos comp\u00e9tences !<\/p>\n<p data-start=\"829\" data-end=\"1105\">Notre <a href=\"https:\/\/learning.savoureaston.ca\/intro\/\">Centre d\u2019apprentissage<\/a> propose une vari\u00e9t\u00e9 de formations pour vous aider \u00e0 progresser, \u00e0 apprendre et \u00e0 prendre de l\u2019avance,\u00a0le tout dans le confort de votre maison ou de votre bureau.<\/p>\n<p data-start=\"1107\" data-end=\"1387\">Ne laissez pas l\u2019hiver vous ralentir. Profitez de cette saison pour explorer de nouveaux sujets, renforcer vos connaissances et investir en vous-m\u00eame. Que vous souhaitiez d\u00e9velopper des comp\u00e9tences pratiques ou d\u00e9couvrir quelque chose de nouveau, il y a une formation pour vous.<\/p>\n<p data-start=\"1389\" data-end=\"1535\">Commencez d\u00e8s aujourd\u2019hui et tirez le meilleur parti de votre apprentissage hivernal !<\/p>\n<\/div>\n<\/div>\n<\/td>\n<\/tr>\n<\/tbody>\n<\/table>\n<\/div>\n<\/div>\n<\/div>\n\n<\/div><div class=\"tb-grid-column\">\n\n<div class=\"wp-block-toolset-views-view-template-block wpv-block-loop-item php-to-be-replaced-with-shortcode\" data-toolset-views-view-template-block=\"6a0b0f4260adb9e3839a71ea2ab11a7c\">\n<div class=\"wp-block-toolset-blocks-container tb-container\" data-toolset-blocks-container=\"0b8194ec6c1761c94c9e6b73490c05b1\">\n<h2 class=\"tb-heading\" data-toolset-blocks-heading=\"16387b410bb2e26b0b6e444744c4c735\" data-last-update=\"1.4\">Ferme d\u2019innovation agricole d\u2019Ottawa @ Area X.O<\/h2>\n\n\n\n<div class=\"tb-field\" data-toolset-blocks-field=\"be5fb52917c8167e558274de11014fff\" data-last-update=\"1.4\"><p data-start=\"61\" data-end=\"205\">Un centre national pour tester, valider et faire \u00e9voluer l\u2019innovation agricole canadienne.<\/p>\n<p data-start=\"207\" data-end=\"717\"><strong data-start=\"207\" data-end=\"226\">Qui nous sommes<\/strong><br data-start=\"226\" data-end=\"229\" \/>La Ferme d\u2019innovation agricole d\u2019Ottawa est le programme AgTech d\u2019Invest Ottawa, situ\u00e9 \u00e0 Area X.O \u2014 un site s\u00e9curis\u00e9 et connect\u00e9 en 5G. Avec de petits parcelles de recherche, deux champs de taille moyenne et des technologies avanc\u00e9es (robotique, drones, IA, capteurs), nous transformons les innovations agricoles prometteuses en solutions pr\u00eates pour les producteurs. Proche de l\u2019AAFC, de l\u2019ACIA et de Sant\u00e9 Canada, nos essais sont align\u00e9s d\u00e8s le d\u00e9part avec les exigences r\u00e9glementaires.<\/p>\n<p data-start=\"719\" data-end=\"737\"><strong data-start=\"719\" data-end=\"735\">Nos services<\/strong><\/p>\n<ul data-start=\"738\" data-end=\"1345\">\n<li data-start=\"738\" data-end=\"877\">\n<p data-start=\"740\" data-end=\"877\"><strong data-start=\"740\" data-end=\"759\">Born Certified\u2122<\/strong> \u2013 Aide pour naviguer les exigences du PMRA, de l\u2019ACIA et de l\u2019AAFC via ateliers et rencontres avec les r\u00e9gulateurs.<\/p>\n<\/li>\n<li data-start=\"878\" data-end=\"1080\">\n<p data-start=\"880\" data-end=\"1080\"><strong data-start=\"880\" data-end=\"899\">Pitch-to-Pilot\u2122<\/strong> \u2013 Mise en relation des innovateurs avec des producteurs pour tester des technologies en conditions r\u00e9elles (robotique, solutions bas\u00e9es sur les donn\u00e9es, innovations biologiques).<\/p>\n<\/li>\n<li data-start=\"1081\" data-end=\"1204\">\n<p data-start=\"1083\" data-end=\"1204\"><strong data-start=\"1083\" data-end=\"1110\">Data-to-Decisions (D2D)<\/strong> \u2013 Analyse des donn\u00e9es de terrain pour cr\u00e9er des tableaux de bord pratiques et orient\u00e9s ROI.<\/p>\n<\/li>\n<li data-start=\"1205\" data-end=\"1345\">\n<p data-start=\"1207\" data-end=\"1345\"><strong data-start=\"1207\" data-end=\"1249\">Programme d\u2019engagement de l\u2019\u00e9cosyst\u00e8me<\/strong> \u2013 Connexion continue entre innovateurs, producteurs, r\u00e9gulateurs et partenaires communautaires.<\/p>\n<\/li>\n<\/ul>\n<p data-start=\"1347\" data-end=\"1536\"><strong data-start=\"1347\" data-end=\"1368\">Pourquoi Ottawa\u202f?<\/strong><br data-start=\"1368\" data-end=\"1371\" \/>Technologies intersectorielles avanc\u00e9es, acc\u00e8s direct aux r\u00e9gulateurs, essais centr\u00e9s sur les producteurs et m\u00e9thodes de donn\u00e9es standardis\u00e9es \u00e0 l\u2019\u00e9chelle nationale.<\/p>\n<p data-start=\"1538\" data-end=\"1669\"><strong data-start=\"1538\" data-end=\"1561\">Qui nous rejoignent<\/strong><br data-start=\"1561\" data-end=\"1564\" \/>Innovateurs, producteurs, partenaires et d\u00e9cideurs qui veulent faire progresser l\u2019agriculture canadienne.<\/p>\n<p data-start=\"1671\" data-end=\"1791\"><strong data-start=\"1671\" data-end=\"1682\">Contact<\/strong><br data-start=\"1682\" data-end=\"1685\" \/>Susanne Cork, Directrice, Ferme d\u2019innovation et robotique avanc\u00e9e<br data-start=\"1750\" data-end=\"1753\" \/><a class=\"decorated-link cursor-pointer\" rel=\"noopener\" data-start=\"1753\" data-end=\"1774\">scork@investottawa.ca<\/a> | 613-314-6789<\/p>\n<\/div>\n<\/div>\n<\/div>\n\n<\/div><div class=\"tb-grid-column\">\n\n<div class=\"wp-block-toolset-views-view-template-block wpv-block-loop-item php-to-be-replaced-with-shortcode\" data-toolset-views-view-template-block=\"6a0b0f4260adb9e3839a71ea2ab11a7c\">\n<div class=\"wp-block-toolset-blocks-container tb-container\" data-toolset-blocks-container=\"0b8194ec6c1761c94c9e6b73490c05b1\">\n<h2 class=\"tb-heading\" data-toolset-blocks-heading=\"16387b410bb2e26b0b6e444744c4c735\" data-last-update=\"1.4\">LE Sommet Place des Saveurs ARRIVE \u00c0 EDMONTON LES 15 ET 16 JUIN 2026 !<\/h2>\n\n\n\n<div class=\"tb-field\" data-toolset-blocks-field=\"be5fb52917c8167e558274de11014fff\" data-last-update=\"1.4\"><p data-start=\"35\" data-end=\"316\">Le <a href=\"https:\/\/www.tasteofplace.ca\/event\/tops\/home\"><strong data-start=\"38\" data-end=\"63\">Sommet Place des Saveurs <\/strong><\/a>est un lieu de rencontre o\u00f9 les agents de d\u00e9veloppement \u00e9conomique, les gestionnaires, les leaders d&rsquo;opinion et les sp\u00e9cialistes du marketing d\u00e9veloppent les saveurs\u00a0locales et misent sur le pouvoir positif que repr\u00e9sente la croissance du tourisme gourmand.<\/p>\n<p class=\"m_-5274823534341046581mcePastedContent\">Les billets sont maintenant en vente \u2013 achetez-les avant le 31\u00a0d\u00e9cembre pour \u00e9conomiser 100\u00a0$!<\/p>\n<p class=\"m_-5274823534341046581mcePastedContent\"><strong>Nouveaut\u00e9\u00a0: inscription par facturation!\u00a0<\/strong>Si le paiement doit correspondre au cycle financier de votre organisation, nous avons maintenant ce qu&rsquo;il vous faut. Lors de votre inscription, s\u00e9lectionnez \u00ab<strong>Invoice Me<\/strong>\u00bb (Me facturer) comme mode de paiement, puis envoyez-nous un courriel avec la date de facturation souhait\u00e9e. Nous nous occuperons du reste.<\/p>\n<\/div>\n<\/div>\n<\/div>\n\n<\/div><\/div><\/div>\n<\/div><\/div> <\/div>\n\n<\/div>","protected":false},"excerpt":{"rendered":"","protected":false},"author":1,"featured_media":0,"parent":0,"menu_order":0,"comment_status":"closed","ping_status":"closed","template":"","meta":{"footnotes":""},"class_list":["post-1068","page","type-page","status-publish","hentry"],"yoast_head":"<!-- This site is optimized with the Yoast SEO plugin v26.7 - https:\/\/yoast.com\/wordpress\/plugins\/seo\/ -->\n<title>News Views Latest FR - EOAN-REAO<\/title>\n<meta name=\"robots\" content=\"index, follow, max-snippet:-1, max-image-preview:large, max-video-preview:-1\" \/>\n<link rel=\"canonical\" href=\"https:\/\/network.savoureaston.ca\/fr\/news-views-latest-fr\/\" \/>\n<meta property=\"og:locale\" content=\"fr_CA\" \/>\n<meta property=\"og:type\" content=\"article\" \/>\n<meta property=\"og:title\" content=\"News Views Latest FR - EOAN-REAO\" \/>\n<meta property=\"og:url\" content=\"https:\/\/network.savoureaston.ca\/fr\/news-views-latest-fr\/\" \/>\n<meta property=\"og:site_name\" content=\"EOAN-REAO\" \/>\n<meta property=\"article:modified_time\" content=\"2023-04-05T14:36:03+00:00\" \/>\n<meta name=\"twitter:card\" content=\"summary_large_image\" \/>\n<script type=\"application\/ld+json\" class=\"yoast-schema-graph\">{\"@context\":\"https:\/\/schema.org\",\"@graph\":[{\"@type\":\"WebPage\",\"@id\":\"https:\/\/network.savoureaston.ca\/fr\/news-views-latest-fr\/\",\"url\":\"https:\/\/network.savoureaston.ca\/fr\/news-views-latest-fr\/\",\"name\":\"News Views Latest FR - EOAN-REAO\",\"isPartOf\":{\"@id\":\"https:\/\/network.savoureaston.ca\/fr\/#website\"},\"datePublished\":\"2023-04-05T13:36:05+00:00\",\"dateModified\":\"2023-04-05T14:36:03+00:00\",\"breadcrumb\":{\"@id\":\"https:\/\/network.savoureaston.ca\/fr\/news-views-latest-fr\/#breadcrumb\"},\"inLanguage\":\"fr-CA\",\"potentialAction\":[{\"@type\":\"ReadAction\",\"target\":[\"https:\/\/network.savoureaston.ca\/fr\/news-views-latest-fr\/\"]}]},{\"@type\":\"BreadcrumbList\",\"@id\":\"https:\/\/network.savoureaston.ca\/fr\/news-views-latest-fr\/#breadcrumb\",\"itemListElement\":[{\"@type\":\"ListItem\",\"position\":1,\"name\":\"Home\",\"item\":\"https:\/\/network.savoureaston.ca\/fr\/\"},{\"@type\":\"ListItem\",\"position\":2,\"name\":\"News Views Latest FR\"}]},{\"@type\":\"WebSite\",\"@id\":\"https:\/\/network.savoureaston.ca\/fr\/#website\",\"url\":\"https:\/\/network.savoureaston.ca\/fr\/\",\"name\":\"EOAN-REAO\",\"description\":\"\",\"publisher\":{\"@id\":\"https:\/\/network.savoureaston.ca\/fr\/#organization\"},\"potentialAction\":[{\"@type\":\"SearchAction\",\"target\":{\"@type\":\"EntryPoint\",\"urlTemplate\":\"https:\/\/network.savoureaston.ca\/fr\/?s={search_term_string}\"},\"query-input\":{\"@type\":\"PropertyValueSpecification\",\"valueRequired\":true,\"valueName\":\"search_term_string\"}}],\"inLanguage\":\"fr-CA\"},{\"@type\":\"Organization\",\"@id\":\"https:\/\/network.savoureaston.ca\/fr\/#organization\",\"name\":\"EOAN-REAO\",\"url\":\"https:\/\/network.savoureaston.ca\/fr\/\",\"logo\":{\"@type\":\"ImageObject\",\"inLanguage\":\"fr-CA\",\"@id\":\"https:\/\/network.savoureaston.ca\/fr\/#\/schema\/logo\/image\/\",\"url\":\"https:\/\/network.savoureaston.ca\/wp-content\/uploads\/2023\/02\/fourchette-blanche-300.png\",\"contentUrl\":\"https:\/\/network.savoureaston.ca\/wp-content\/uploads\/2023\/02\/fourchette-blanche-300.png\",\"width\":300,\"height\":388,\"caption\":\"EOAN-REAO\"},\"image\":{\"@id\":\"https:\/\/network.savoureaston.ca\/fr\/#\/schema\/logo\/image\/\"}}]}<\/script>\n<!-- \/ Yoast SEO plugin. -->","yoast_head_json":{"title":"News Views Latest FR - EOAN-REAO","robots":{"index":"index","follow":"follow","max-snippet":"max-snippet:-1","max-image-preview":"max-image-preview:large","max-video-preview":"max-video-preview:-1"},"canonical":"https:\/\/network.savoureaston.ca\/fr\/news-views-latest-fr\/","og_locale":"fr_CA","og_type":"article","og_title":"News Views Latest FR - EOAN-REAO","og_url":"https:\/\/network.savoureaston.ca\/fr\/news-views-latest-fr\/","og_site_name":"EOAN-REAO","article_modified_time":"2023-04-05T14:36:03+00:00","twitter_card":"summary_large_image","schema":{"@context":"https:\/\/schema.org","@graph":[{"@type":"WebPage","@id":"https:\/\/network.savoureaston.ca\/fr\/news-views-latest-fr\/","url":"https:\/\/network.savoureaston.ca\/fr\/news-views-latest-fr\/","name":"News Views Latest FR - EOAN-REAO","isPartOf":{"@id":"https:\/\/network.savoureaston.ca\/fr\/#website"},"datePublished":"2023-04-05T13:36:05+00:00","dateModified":"2023-04-05T14:36:03+00:00","breadcrumb":{"@id":"https:\/\/network.savoureaston.ca\/fr\/news-views-latest-fr\/#breadcrumb"},"inLanguage":"fr-CA","potentialAction":[{"@type":"ReadAction","target":["https:\/\/network.savoureaston.ca\/fr\/news-views-latest-fr\/"]}]},{"@type":"BreadcrumbList","@id":"https:\/\/network.savoureaston.ca\/fr\/news-views-latest-fr\/#breadcrumb","itemListElement":[{"@type":"ListItem","position":1,"name":"Home","item":"https:\/\/network.savoureaston.ca\/fr\/"},{"@type":"ListItem","position":2,"name":"News Views Latest FR"}]},{"@type":"WebSite","@id":"https:\/\/network.savoureaston.ca\/fr\/#website","url":"https:\/\/network.savoureaston.ca\/fr\/","name":"EOAN-REAO","description":"","publisher":{"@id":"https:\/\/network.savoureaston.ca\/fr\/#organization"},"potentialAction":[{"@type":"SearchAction","target":{"@type":"EntryPoint","urlTemplate":"https:\/\/network.savoureaston.ca\/fr\/?s={search_term_string}"},"query-input":{"@type":"PropertyValueSpecification","valueRequired":true,"valueName":"search_term_string"}}],"inLanguage":"fr-CA"},{"@type":"Organization","@id":"https:\/\/network.savoureaston.ca\/fr\/#organization","name":"EOAN-REAO","url":"https:\/\/network.savoureaston.ca\/fr\/","logo":{"@type":"ImageObject","inLanguage":"fr-CA","@id":"https:\/\/network.savoureaston.ca\/fr\/#\/schema\/logo\/image\/","url":"https:\/\/network.savoureaston.ca\/wp-content\/uploads\/2023\/02\/fourchette-blanche-300.png","contentUrl":"https:\/\/network.savoureaston.ca\/wp-content\/uploads\/2023\/02\/fourchette-blanche-300.png","width":300,"height":388,"caption":"EOAN-REAO"},"image":{"@id":"https:\/\/network.savoureaston.ca\/fr\/#\/schema\/logo\/image\/"}}]}},"_links":{"self":[{"href":"https:\/\/network.savoureaston.ca\/fr\/wp-json\/wp\/v2\/pages\/1068","targetHints":{"allow":["GET"]}}],"collection":[{"href":"https:\/\/network.savoureaston.ca\/fr\/wp-json\/wp\/v2\/pages"}],"about":[{"href":"https:\/\/network.savoureaston.ca\/fr\/wp-json\/wp\/v2\/types\/page"}],"author":[{"embeddable":true,"href":"https:\/\/network.savoureaston.ca\/fr\/wp-json\/wp\/v2\/users\/1"}],"replies":[{"embeddable":true,"href":"https:\/\/network.savoureaston.ca\/fr\/wp-json\/wp\/v2\/comments?post=1068"}],"version-history":[{"count":1,"href":"https:\/\/network.savoureaston.ca\/fr\/wp-json\/wp\/v2\/pages\/1068\/revisions"}],"predecessor-version":[{"id":1069,"href":"https:\/\/network.savoureaston.ca\/fr\/wp-json\/wp\/v2\/pages\/1068\/revisions\/1069"}],"wp:attachment":[{"href":"https:\/\/network.savoureaston.ca\/fr\/wp-json\/wp\/v2\/media?parent=1068"}],"curies":[{"name":"wp","href":"https:\/\/api.w.org\/{rel}","templated":true}]}}